{"id":2215,"date":"2025-01-31T08:32:55","date_gmt":"2025-01-31T13:32:55","guid":{"rendered":"https:\/\/benjico.ca\/?page_id=2215"},"modified":"2025-01-31T08:33:13","modified_gmt":"2025-01-31T13:33:13","slug":"quote-test","status":"publish","type":"page","link":"https:\/\/benjico.ca\/en\/quote-test\/","title":{"rendered":"Quote &#8211; Test"},"content":{"rendered":"\t\t<div data-elementor-type=\"wp-page\" data-elementor-id=\"2215\" class=\"elementor elementor-2215\" data-elementor-post-type=\"page\">\n\t\t\t\t\t\t<section data-particle_enable=\"false\" data-particle-mobile-disabled=\"false\" class=\"elementor-section elementor-top-section elementor-element elementor-element-eb85e1b elementor-section-height-min-height elementor-section-boxed elementor-section-height-default elementor-section-items-middle elementor-invisible\" data-id=\"eb85e1b\" data-element_type=\"section\" data-e-type=\"section\" data-settings=\"{&quot;background_background&quot;:&quot;classic&quot;,&quot;animation&quot;:&quot;fadeIn&quot;}\">\n\t\t\t\t\t\t\t<div class=\"elementor-background-overlay\"><\/div>\n\t\t\t\t\t\t\t<div class=\"elementor-container elementor-column-gap-default\">\n\t\t\t\t\t<div class=\"elementor-column elementor-col-100 elementor-top-column elementor-element elementor-element-bee3f10\" data-id=\"bee3f10\" data-element_type=\"column\" data-e-type=\"column\">\n\t\t\t<div class=\"elementor-widget-wrap elementor-element-populated\">\n\t\t\t\t\t\t<div class=\"elementor-element elementor-element-098816b elementor-widget elementor-widget-heading\" data-id=\"098816b\" data-element_type=\"widget\" data-e-type=\"widget\" data-widget_type=\"heading.default\">\n\t\t\t\t<div class=\"elementor-widget-container\">\n\t\t\t\t\t<div class=\"elementor-heading-title elementor-size-default\">QUOTE.<\/div>\t\t\t\t<\/div>\n\t\t\t\t<\/div>\n\t\t\t\t<div class=\"elementor-element elementor-element-ad4a8a3 elementor-widget__width-initial elementor-widget elementor-widget-heading\" data-id=\"ad4a8a3\" data-element_type=\"widget\" data-e-type=\"widget\" data-widget_type=\"heading.default\">\n\t\t\t\t<div class=\"elementor-widget-container\">\n\t\t\t\t\t<h1 class=\"elementor-heading-title elementor-size-default\">Contact us today for your dream project.<\/h1>\t\t\t\t<\/div>\n\t\t\t\t<\/div>\n\t\t\t\t<div class=\"elementor-element elementor-element-333c84e elementor-widget__width-initial elementor-widget elementor-widget-text-editor\" data-id=\"333c84e\" data-element_type=\"widget\" data-e-type=\"widget\" data-widget_type=\"text-editor.default\">\n\t\t\t\t<div class=\"elementor-widget-container\">\n\t\t\t\t\t\t\t\t\t<p>Please fill out our quote form and we will get back to you within 24 to 48 hours.<\/p>\n\t\t\t\t\t\t\t\t<\/div>\n\t\t\t\t<\/div>\n\t\t\t\t\t<\/div>\n\t\t<\/div>\n\t\t\t\t\t<\/div>\n\t\t<\/section>\n\t\t\t\t<section data-particle_enable=\"false\" data-particle-mobile-disabled=\"false\" class=\"elementor-section elementor-top-section elementor-element elementor-element-02b8367 elementor-section-boxed elementor-section-height-default elementor-section-height-default elementor-invisible\" data-id=\"02b8367\" data-element_type=\"section\" data-e-type=\"section\" data-settings=\"{&quot;animation&quot;:&quot;fadeInUp&quot;}\">\n\t\t\t\t\t\t<div class=\"elementor-container elementor-column-gap-default\">\n\t\t\t\t\t<div class=\"elementor-column elementor-col-100 elementor-top-column elementor-element elementor-element-077e0df\" data-id=\"077e0df\" data-element_type=\"column\" data-e-type=\"column\">\n\t\t\t<div class=\"elementor-widget-wrap elementor-element-populated\">\n\t\t\t\t\t\t<section data-particle_enable=\"false\" data-particle-mobile-disabled=\"false\" class=\"elementor-section elementor-inner-section elementor-element elementor-element-c6323b8 elementor-section-boxed elementor-section-height-default elementor-section-height-default\" data-id=\"c6323b8\" data-element_type=\"section\" data-e-type=\"section\">\n\t\t\t\t\t\t<div class=\"elementor-container elementor-column-gap-default\">\n\t\t\t\t\t<div class=\"elementor-column elementor-col-100 elementor-inner-column elementor-element elementor-element-f87b847\" data-id=\"f87b847\" data-element_type=\"column\" data-e-type=\"column\" data-settings=\"{&quot;background_background&quot;:&quot;classic&quot;}\">\n\t\t\t<div class=\"elementor-widget-wrap elementor-element-populated\">\n\t\t\t\t\t\t<div class=\"elementor-element elementor-element-0afcfb5 elementor-button-align-start benji-form elementor-widget elementor-widget-form\" data-id=\"0afcfb5\" data-element_type=\"widget\" data-e-type=\"widget\" data-settings=\"{&quot;step_next_label&quot;:&quot;Next&quot;,&quot;step_previous_label&quot;:&quot;Previous&quot;,&quot;button_width&quot;:&quot;100&quot;,&quot;step_type&quot;:&quot;number_text&quot;,&quot;step_icon_shape&quot;:&quot;circle&quot;}\" data-widget_type=\"form.default\">\n\t\t\t\t<div class=\"elementor-widget-container\">\n\t\t\t\t\t\t\t<form class=\"elementor-form\" method=\"post\" name=\"Quote\" aria-label=\"Quote\">\n\t\t\t<input type=\"hidden\" name=\"post_id\" value=\"2215\"\/>\n\t\t\t<input type=\"hidden\" name=\"form_id\" value=\"0afcfb5\"\/>\n\t\t\t<input type=\"hidden\" name=\"referer_title\" value=\"\" \/>\n\n\t\t\t\n\t\t\t<div class=\"elementor-form-fields-wrapper elementor-labels-\">\n\t\t\t\t\t\t\t\t<div class=\"elementor-field-type-html elementor-field-group elementor-column elementor-field-group-field_1c4d706 elementor-col-100\">\n\t\t\t\t\tPersonal information\r\n<hr style=\"color:white;margin-top:10px;margin-bottom:10px;\">\t\t\t\t<\/div>\n\t\t\t\t\t\t\t\t<div class=\"elementor-field-type-text elementor-field-group elementor-column elementor-field-group-prenom elementor-col-50 elementor-field-required\">\n\t\t\t\t\t\t\t\t\t\t\t\t<label for=\"form-field-prenom\" class=\"elementor-field-label elementor-screen-only\">\n\t\t\t\t\t\t\t\tFirst name\t\t\t\t\t\t\t<\/label>\n\t\t\t\t\t\t\t\t\t\t\t\t\t\t<input size=\"1\" type=\"text\" name=\"form_fields[prenom]\" id=\"form-field-prenom\" class=\"elementor-field elementor-size-sm  elementor-field-textual\" placeholder=\"First name*\" required=\"required\">\n\t\t\t\t\t\t\t\t\t\t\t<\/div>\n\t\t\t\t\t\t\t\t<div class=\"elementor-field-type-text elementor-field-group elementor-column elementor-field-group-nom elementor-col-50 elementor-field-required\">\n\t\t\t\t\t\t\t\t\t\t\t\t<label for=\"form-field-nom\" class=\"elementor-field-label elementor-screen-only\">\n\t\t\t\t\t\t\t\tLast name\t\t\t\t\t\t\t<\/label>\n\t\t\t\t\t\t\t\t\t\t\t\t\t\t<input size=\"1\" type=\"text\" name=\"form_fields[nom]\" id=\"form-field-nom\" class=\"elementor-field elementor-size-sm  elementor-field-textual\" placeholder=\"Last name*\" required=\"required\">\n\t\t\t\t\t\t\t\t\t\t\t<\/div>\n\t\t\t\t\t\t\t\t<div class=\"elementor-field-type-tel elementor-field-group elementor-column elementor-field-group-email elementor-col-50 elementor-field-required\">\n\t\t\t\t\t\t\t\t\t\t\t\t<label for=\"form-field-email\" class=\"elementor-field-label elementor-screen-only\">\n\t\t\t\t\t\t\t\tPhone\t\t\t\t\t\t\t<\/label>\n\t\t\t\t\t\t\t\t<input size=\"1\" type=\"tel\" name=\"form_fields[email]\" id=\"form-field-email\" class=\"elementor-field elementor-size-sm  elementor-field-textual\" placeholder=\"Phone*\" required=\"required\" pattern=\"[0-9()#&amp;+*-=.]+\" title=\"Only numbers and phone characters (#, -, *, etc) are accepted.\">\n\n\t\t\t\t\t\t<\/div>\n\t\t\t\t\t\t\t\t<div class=\"elementor-field-type-email elementor-field-group elementor-column elementor-field-group-field_70c0c25 elementor-col-50 elementor-field-required\">\n\t\t\t\t\t\t\t\t\t\t\t\t<label for=\"form-field-field_70c0c25\" class=\"elementor-field-label elementor-screen-only\">\n\t\t\t\t\t\t\t\tEmail\t\t\t\t\t\t\t<\/label>\n\t\t\t\t\t\t\t\t\t\t\t\t\t\t<input size=\"1\" type=\"email\" name=\"form_fields[field_70c0c25]\" id=\"form-field-field_70c0c25\" class=\"elementor-field elementor-size-sm  elementor-field-textual\" placeholder=\"Email*\" required=\"required\">\n\t\t\t\t\t\t\t\t\t\t\t<\/div>\n\t\t\t\t\t\t\t\t<div class=\"elementor-field-type-select elementor-field-group elementor-column elementor-field-group-field_19c7828 elementor-col-50 elementor-md-100 elementor-field-required\">\n\t\t\t\t\t\t\t\t\t\t\t\t<label for=\"form-field-field_19c7828\" class=\"elementor-field-label elementor-screen-only\">\n\t\t\t\t\t\t\t\tCommunication preference\t\t\t\t\t\t\t<\/label>\n\t\t\t\t\t\t\t\t<div class=\"elementor-field elementor-select-wrapper remove-before \">\n\t\t\t<div class=\"select-caret-down-wrapper\">\n\t\t\t\t<svg aria-hidden=\"true\" class=\"e-font-icon-svg e-eicon-caret-down\" viewBox=\"0 0 571.4 571.4\" xmlns=\"http:\/\/www.w3.org\/2000\/svg\"><path d=\"M571 393Q571 407 561 418L311 668Q300 679 286 679T261 668L11 418Q0 407 0 393T11 368 36 357H536Q550 357 561 368T571 393Z\"><\/path><\/svg>\t\t\t<\/div>\n\t\t\t<select name=\"form_fields[field_19c7828]\" id=\"form-field-field_19c7828\" class=\"elementor-field-textual elementor-size-sm\" required=\"required\">\n\t\t\t\t\t\t\t\t\t<option value=\"\">Communication preference*<\/option>\n\t\t\t\t\t\t\t\t\t<option value=\"Phone\">Phone<\/option>\n\t\t\t\t\t\t\t\t\t<option value=\"Email\">Email<\/option>\n\t\t\t\t\t\t\t\t\t<option value=\"Text\">Text<\/option>\n\t\t\t\t\t\t\t\t\t<option value=\"No preference\">No preference<\/option>\n\t\t\t\t\t\t\t<\/select>\n\t\t<\/div>\n\t\t\t\t\t\t<\/div>\n\t\t\t\t\t\t\t\t<div class=\"elementor-field-type-select elementor-field-group elementor-column elementor-field-group-field_95efa0e elementor-col-50 elementor-md-100 elementor-field-required\">\n\t\t\t\t\t\t\t\t\t\t\t\t<label for=\"form-field-field_95efa0e\" class=\"elementor-field-label elementor-screen-only\">\n\t\t\t\t\t\t\t\tReference\t\t\t\t\t\t\t<\/label>\n\t\t\t\t\t\t\t\t<div class=\"elementor-field elementor-select-wrapper remove-before \">\n\t\t\t<div class=\"select-caret-down-wrapper\">\n\t\t\t\t<svg aria-hidden=\"true\" class=\"e-font-icon-svg e-eicon-caret-down\" viewBox=\"0 0 571.4 571.4\" xmlns=\"http:\/\/www.w3.org\/2000\/svg\"><path d=\"M571 393Q571 407 561 418L311 668Q300 679 286 679T261 668L11 418Q0 407 0 393T11 368 36 357H536Q550 357 561 368T571 393Z\"><\/path><\/svg>\t\t\t<\/div>\n\t\t\t<select name=\"form_fields[field_95efa0e]\" id=\"form-field-field_95efa0e\" class=\"elementor-field-textual elementor-size-sm\" required=\"required\">\n\t\t\t\t\t\t\t\t\t<option value=\"How did you hear about us?\">How did you hear about us?<\/option>\n\t\t\t\t\t\t\t\t\t<option value=\"Google\">Google<\/option>\n\t\t\t\t\t\t\t\t\t<option value=\"Facebook\">Facebook<\/option>\n\t\t\t\t\t\t\t\t\t<option value=\"Instagram\">Instagram<\/option>\n\t\t\t\t\t\t\t\t\t<option value=\"LinkedIn\">LinkedIn<\/option>\n\t\t\t\t\t\t\t\t\t<option value=\"Tiktok\">Tiktok<\/option>\n\t\t\t\t\t\t\t\t\t<option value=\"Print media\">Print media<\/option>\n\t\t\t\t\t\t\t\t\t<option value=\"Showcase\">Showcase<\/option>\n\t\t\t\t\t\t\t\t\t<option value=\"Trucks &#124; Posters\">Trucks &#124; Posters<\/option>\n\t\t\t\t\t\t\t\t\t<option value=\"Events\">Events<\/option>\n\t\t\t\t\t\t\t\t\t<option value=\"Word of mouth (Friends &#124; Family)\">Word of mouth (Friends &#124; Family)<\/option>\n\t\t\t\t\t\t\t\t\t<option value=\"Architect &#124; Engineer\">Architect &#124; Engineer<\/option>\n\t\t\t\t\t\t\t\t\t<option value=\"Others\">Others<\/option>\n\t\t\t\t\t\t\t<\/select>\n\t\t<\/div>\n\t\t\t\t\t\t<\/div>\n\t\t\t\t\t\t\t\t<div class=\"elementor-field-type-html elementor-field-group elementor-column elementor-field-group-field_e3960c3 elementor-col-100\">\n\t\t\t\t\tProject information\r\n<hr style=\"color:white;margin-top:10px;margin-bottom:-10px\">\t\t\t\t<\/div>\n\t\t\t\t\t\t\t\t<div class=\"elementor-field-type-html elementor-field-group elementor-column elementor-field-group-field_9399add elementor-col-100\">\n\t\t\t\t\t<div id=\"input_html_services\" class=\"input-services;\">What services are required?*<\/div>\t\t\t\t<\/div>\n\t\t\t\t\t\t\t\t<div class=\"elementor-field-type-checkbox elementor-field-group elementor-column elementor-field-group-services elementor-col-100\">\n\t\t\t\t\t\t\t\t\t\t\t\t<label for=\"form-field-services\" class=\"elementor-field-label elementor-screen-only\">\n\t\t\t\t\t\t\t\tServices\t\t\t\t\t\t\t<\/label>\n\t\t\t\t\t\t<div class=\"elementor-field-subgroup  \"><span class=\"elementor-field-option\"><input type=\"checkbox\" value=\"Extension\" id=\"form-field-services-0\" name=\"form_fields[services][]\"> <label for=\"form-field-services-0\">Extension<\/label><\/span><span class=\"elementor-field-option\"><input type=\"checkbox\" value=\"Kitchen\" id=\"form-field-services-1\" name=\"form_fields[services][]\"> <label for=\"form-field-services-1\">Kitchen<\/label><\/span><span class=\"elementor-field-option\"><input type=\"checkbox\" value=\"New construction\" id=\"form-field-services-2\" name=\"form_fields[services][]\"> <label for=\"form-field-services-2\">New construction<\/label><\/span><span class=\"elementor-field-option\"><input type=\"checkbox\" value=\"Foundation and excavation\" id=\"form-field-services-3\" name=\"form_fields[services][]\"> <label for=\"form-field-services-3\">Foundation and excavation<\/label><\/span><span class=\"elementor-field-option\"><input type=\"checkbox\" value=\"Plans and design\" id=\"form-field-services-4\" name=\"form_fields[services][]\"> <label for=\"form-field-services-4\">Plans and design<\/label><\/span><span class=\"elementor-field-option\"><input type=\"checkbox\" value=\"Complete renovation\" id=\"form-field-services-5\" name=\"form_fields[services][]\"> <label for=\"form-field-services-5\">Complete renovation<\/label><\/span><span class=\"elementor-field-option\"><input type=\"checkbox\" value=\"Bathroom\" id=\"form-field-services-6\" name=\"form_fields[services][]\"> <label for=\"form-field-services-6\">Bathroom<\/label><\/span><span class=\"elementor-field-option\"><input type=\"checkbox\" value=\"Exterior work\" id=\"form-field-services-7\" name=\"form_fields[services][]\"> <label for=\"form-field-services-7\">Exterior work<\/label><\/span><span class=\"elementor-field-option\"><input type=\"checkbox\" value=\"Facade work\" id=\"form-field-services-8\" name=\"form_fields[services][]\"> <label for=\"form-field-services-8\">Facade work<\/label><\/span><span class=\"elementor-field-option\"><input type=\"checkbox\" value=\"Other\" id=\"form-field-services-9\" name=\"form_fields[services][]\"> <label for=\"form-field-services-9\">Other<\/label><\/span><\/div>\t\t\t\t<\/div>\n\t\t\t\t\t\t\t\t<div class=\"elementor-field-type-select elementor-field-group elementor-column elementor-field-group-field_77bd970 elementor-col-100 elementor-field-required\">\n\t\t\t\t\t\t\t\t\t\t\t\t<label for=\"form-field-field_77bd970\" class=\"elementor-field-label elementor-screen-only\">\n\t\t\t\t\t\t\t\tProject region\t\t\t\t\t\t\t<\/label>\n\t\t\t\t\t\t\t\t<div class=\"elementor-field elementor-select-wrapper remove-before \">\n\t\t\t<div class=\"select-caret-down-wrapper\">\n\t\t\t\t<svg aria-hidden=\"true\" class=\"e-font-icon-svg e-eicon-caret-down\" viewBox=\"0 0 571.4 571.4\" xmlns=\"http:\/\/www.w3.org\/2000\/svg\"><path d=\"M571 393Q571 407 561 418L311 668Q300 679 286 679T261 668L11 418Q0 407 0 393T11 368 36 357H536Q550 357 561 368T571 393Z\"><\/path><\/svg>\t\t\t<\/div>\n\t\t\t<select name=\"form_fields[field_77bd970]\" id=\"form-field-field_77bd970\" class=\"elementor-field-textual elementor-size-sm\" required=\"required\">\n\t\t\t\t\t\t\t\t\t<option value=\"\">Project region*<\/option>\n\t\t\t\t\t\t\t\t\t<option value=\"Bas-Saint-Laurent \u00b7 Gasp\u00e9sie \u00b7 Les \u00celes\">Bas-Saint-Laurent \u00b7 Gasp\u00e9sie \u00b7 Les \u00celes<\/option>\n\t\t\t\t\t\t\t\t\t<option value=\"Estrie\">Estrie<\/option>\n\t\t\t\t\t\t\t\t\t<option value=\"Laval \u00b7 Laurentides\">Laval \u00b7 Laurentides<\/option>\n\t\t\t\t\t\t\t\t\t<option value=\"Mauricie \u00b7 Bois-Francs \u00b7 Lanaudi\u00e8re \u00b7 Centre-du-Qu\u00e9bec\">Mauricie \u00b7 Bois-Francs \u00b7 Lanaudi\u00e8re \u00b7 Centre-du-Qu\u00e9bec<\/option>\n\t\t\t\t\t\t\t\t\t<option value=\"M\u00e9tropolitaine\">M\u00e9tropolitaine<\/option>\n\t\t\t\t\t\t\t\t\t<option value=\"Mont\u00e9r\u00e9gie\">Mont\u00e9r\u00e9gie<\/option>\n\t\t\t\t\t\t\t\t\t<option value=\"Nord-Est du Qu\u00e9bec\">Nord-Est du Qu\u00e9bec<\/option>\n\t\t\t\t\t\t\t\t\t<option value=\"Outaouais \u00b7 Abitibi \u00b7 Nord-Ouest du Qu\u00e9bec\">Outaouais \u00b7 Abitibi \u00b7 Nord-Ouest du Qu\u00e9bec<\/option>\n\t\t\t\t\t\t\t\t\t<option value=\"Qu\u00e9bec\">Qu\u00e9bec<\/option>\n\t\t\t\t\t\t\t\t\t<option value=\"Saguenay \u00b7 Lac-Saint-Jean\">Saguenay \u00b7 Lac-Saint-Jean<\/option>\n\t\t\t\t\t\t\t<\/select>\n\t\t<\/div>\n\t\t\t\t\t\t<\/div>\n\t\t\t\t\t\t\t\t<div class=\"elementor-field-type-select elementor-field-group elementor-column elementor-field-group-field_6610ac1 elementor-col-50 elementor-md-100 elementor-field-required\">\n\t\t\t\t\t\t\t\t\t\t\t\t<label for=\"form-field-field_6610ac1\" class=\"elementor-field-label elementor-screen-only\">\n\t\t\t\t\t\t\t\tBudget\t\t\t\t\t\t\t<\/label>\n\t\t\t\t\t\t\t\t<div class=\"elementor-field elementor-select-wrapper remove-before \">\n\t\t\t<div class=\"select-caret-down-wrapper\">\n\t\t\t\t<svg aria-hidden=\"true\" class=\"e-font-icon-svg e-eicon-caret-down\" viewBox=\"0 0 571.4 571.4\" xmlns=\"http:\/\/www.w3.org\/2000\/svg\"><path d=\"M571 393Q571 407 561 418L311 668Q300 679 286 679T261 668L11 418Q0 407 0 393T11 368 36 357H536Q550 357 561 368T571 393Z\"><\/path><\/svg>\t\t\t<\/div>\n\t\t\t<select name=\"form_fields[field_6610ac1]\" id=\"form-field-field_6610ac1\" class=\"elementor-field-textual elementor-size-sm\" required=\"required\">\n\t\t\t\t\t\t\t\t\t<option value=\"What is your budget (excluding taxes)?\">What is your budget (excluding taxes)?<\/option>\n\t\t\t\t\t\t\t\t\t<option value=\"5 000 $ - 10 000 $\">5 000 $ - 10 000 $<\/option>\n\t\t\t\t\t\t\t\t\t<option value=\"10 000 $ - 20 000 $\">10 000 $ - 20 000 $<\/option>\n\t\t\t\t\t\t\t\t\t<option value=\"20 000 $ - 40 000 $\">20 000 $ - 40 000 $<\/option>\n\t\t\t\t\t\t\t\t\t<option value=\"40 000 $ - 80 000 $\">40 000 $ - 80 000 $<\/option>\n\t\t\t\t\t\t\t\t\t<option value=\"80 000 $ - 150 000 $\">80 000 $ - 150 000 $<\/option>\n\t\t\t\t\t\t\t\t\t<option value=\"150 000 $ - 300 000 $\">150 000 $ - 300 000 $<\/option>\n\t\t\t\t\t\t\t\t\t<option value=\"300,000 and more\">300,000 and more<\/option>\n\t\t\t\t\t\t\t\t\t<option value=\"Other budget\">Other budget<\/option>\n\t\t\t\t\t\t\t<\/select>\n\t\t<\/div>\n\t\t\t\t\t\t<\/div>\n\t\t\t\t\t\t\t\t<div class=\"elementor-field-type-select elementor-field-group elementor-column elementor-field-group-field_fda46a0 elementor-col-50 elementor-md-100 elementor-field-required\">\n\t\t\t\t\t\t\t\t\t\t\t\t<label for=\"form-field-field_fda46a0\" class=\"elementor-field-label elementor-screen-only\">\n\t\t\t\t\t\t\t\tProject start\t\t\t\t\t\t\t<\/label>\n\t\t\t\t\t\t\t\t<div class=\"elementor-field elementor-select-wrapper remove-before \">\n\t\t\t<div class=\"select-caret-down-wrapper\">\n\t\t\t\t<svg aria-hidden=\"true\" class=\"e-font-icon-svg e-eicon-caret-down\" viewBox=\"0 0 571.4 571.4\" xmlns=\"http:\/\/www.w3.org\/2000\/svg\"><path d=\"M571 393Q571 407 561 418L311 668Q300 679 286 679T261 668L11 418Q0 407 0 393T11 368 36 357H536Q550 357 561 368T571 393Z\"><\/path><\/svg>\t\t\t<\/div>\n\t\t\t<select name=\"form_fields[field_fda46a0]\" id=\"form-field-field_fda46a0\" class=\"elementor-field-textual elementor-size-sm\" required=\"required\">\n\t\t\t\t\t\t\t\t\t<option value=\"When would you like to start the project?\">When would you like to start the project?<\/option>\n\t\t\t\t\t\t\t\t\t<option value=\"Immediate (less than 1 month)\">Immediate (less than 1 month)<\/option>\n\t\t\t\t\t\t\t\t\t<option value=\"1 to 3 months\">1 to 3 months<\/option>\n\t\t\t\t\t\t\t\t\t<option value=\"3 to 6 months\">3 to 6 months<\/option>\n\t\t\t\t\t\t\t\t\t<option value=\"More than 6 months\">More than 6 months<\/option>\n\t\t\t\t\t\t\t<\/select>\n\t\t<\/div>\n\t\t\t\t\t\t<\/div>\n\t\t\t\t\t\t\t\t<div class=\"elementor-field-type-textarea elementor-field-group elementor-column elementor-field-group-message elementor-col-100\">\n\t\t\t\t\t\t\t\t\t\t\t\t<label for=\"form-field-message\" class=\"elementor-field-label elementor-screen-only\">\n\t\t\t\t\t\t\t\tProject description\t\t\t\t\t\t\t<\/label>\n\t\t\t\t\t\t<textarea class=\"elementor-field-textual elementor-field  elementor-size-sm\" name=\"form_fields[message]\" id=\"form-field-message\" rows=\"8\" placeholder=\"Project description\"><\/textarea>\t\t\t\t<\/div>\n\t\t\t\t\t\t\t\t<div class=\"elementor-field-type-html elementor-field-group elementor-column elementor-field-group-field_cc71af3 elementor-col-100\">\n\t\t\t\t\tAttachments\r\n<hr style=\u201ccolor:white;margin-top:10px;\u201d>\r\n\t\t\t\t<\/div>\n\t\t\t\t\t\t\t\t<div class=\"elementor-field-type-upload elementor-field-group elementor-column elementor-field-group-field_3658f29 elementor-col-100\">\n\t\t\t\t\t\t\t\t\t\t\t\t<label for=\"form-field-field_3658f29\" class=\"elementor-field-label elementor-screen-only\">\n\t\t\t\t\t\t\t\tAttachments\t\t\t\t\t\t\t<\/label>\n\t\t\t\t\t\t\t\t<input type=\"file\" name=\"form_fields[field_3658f29][]\" id=\"form-field-field_3658f29\" class=\"elementor-field elementor-size-sm  elementor-upload-field\" multiple=\"multiple\" data-maxsize=\"20\" data-maxsize-message=\"This file exceeds the maximum allowed size.\">\n\n\t\t\t\t\t\t<\/div>\n\t\t\t\t\t\t\t\t<div class=\"elementor-field-group elementor-column elementor-field-type-submit elementor-col-100 e-form__buttons\">\n\t\t\t\t\t<button class=\"elementor-button elementor-size-sm\" type=\"submit\">\n\t\t\t\t\t\t<span class=\"elementor-button-content-wrapper\">\n\t\t\t\t\t\t\t\t\t\t\t\t\t\t\t\t\t\t\t\t\t\t<span class=\"elementor-button-text\">Send<\/span>\n\t\t\t\t\t\t\t\t\t\t\t\t\t<\/span>\n\t\t\t\t\t<\/button>\n\t\t\t\t<\/div>\n\t\t\t<\/div>\n\t\t<input\n                    class=\"apbct_special_field apbct_email_id__elementor_form\"\n                    name=\"apbct__email_id__elementor_form\"\n                    aria-label=\"apbct__label_id__elementor_form\"\n                    type=\"text\" size=\"30\" maxlength=\"200\" autocomplete=\"off\"\n                    value=\"\"\n                \/><\/form>\n\t\t\t\t\t\t<\/div>\n\t\t\t\t<\/div>\n\t\t\t\t\t<\/div>\n\t\t<\/div>\n\t\t\t\t\t<\/div>\n\t\t<\/section>\n\t\t\t\t\t<\/div>\n\t\t<\/div>\n\t\t\t\t\t<\/div>\n\t\t<\/section>\n\t\t\t\t<\/div>\n\t\t","protected":false},"excerpt":{"rendered":"<p>QUOTE. Contact us today for your dream project. Please fill out our quote form and we will get back to you within 24 to 48 hours.<\/p>\n","protected":false},"author":1,"featured_media":0,"parent":0,"menu_order":0,"comment_status":"closed","ping_status":"closed","template":"","meta":{"_acf_changed":false,"_seopress_robots_primary_cat":"","_seopress_titles_title":"Faites une soumission avec Benjico Inc.","_seopress_titles_desc":"Commencez d\u00e8s aujourd\u2019hui le projet de r\u00e9novation de vos r\u00eaves. Prenez quelques minute pour remplir notre formulaire et notre \u00e9quipe vous reviendra dans les plus brefs d\u00e9lais.","_seopress_robots_index":"","inline_featured_image":false,"footnotes":""},"class_list":["post-2215","page","type-page","status-publish","hentry"],"acf":[],"_links":{"self":[{"href":"https:\/\/benjico.ca\/en\/wp-json\/wp\/v2\/pages\/2215","targetHints":{"allow":["GET"]}}],"collection":[{"href":"https:\/\/benjico.ca\/en\/wp-json\/wp\/v2\/pages"}],"about":[{"href":"https:\/\/benjico.ca\/en\/wp-json\/wp\/v2\/types\/page"}],"author":[{"embeddable":true,"href":"https:\/\/benjico.ca\/en\/wp-json\/wp\/v2\/users\/1"}],"replies":[{"embeddable":true,"href":"https:\/\/benjico.ca\/en\/wp-json\/wp\/v2\/comments?post=2215"}],"version-history":[{"count":4,"href":"https:\/\/benjico.ca\/en\/wp-json\/wp\/v2\/pages\/2215\/revisions"}],"predecessor-version":[{"id":2219,"href":"https:\/\/benjico.ca\/en\/wp-json\/wp\/v2\/pages\/2215\/revisions\/2219"}],"wp:attachment":[{"href":"https:\/\/benjico.ca\/en\/wp-json\/wp\/v2\/media?parent=2215"}],"curies":[{"name":"wp","href":"https:\/\/api.w.org\/{rel}","templated":true}]}}